{"id":1229,"date":"2022-06-29T08:02:22","date_gmt":"2022-06-29T06:02:22","guid":{"rendered":"https:\/\/byly.com\/contact\/"},"modified":"2022-09-07T16:16:01","modified_gmt":"2022-09-07T14:16:01","slug":"contact","status":"publish","type":"page","link":"https:\/\/www.byly.com\/en\/contact\/","title":{"rendered":"Contact"},"content":{"rendered":"<div id='av_section_1'  class='avia-section av-acts0-337ddde942907d36d019d712f3877743 main_color avia-section-default avia-no-border-styling  avia-builder-el-0  avia-builder-el-no-sibling  avia-bg-style-scroll av-minimum-height av-minimum-height-100 av-height-100  container_wrap sidebar_right'   data-av_minimum_height_pc='100' data-av_min_height_opt='100'><div class='container av-section-cont-open' ><main  role=\"main\" itemprop=\"mainContentOfPage\"  class='template-page content  av-content-small alpha units'><div class='post-entry post-entry-type-page post-entry-1229'><div class='entry-content-wrapper clearfix'>\n\n<style type=\"text\/css\" data-created_by=\"avia_inline_auto\" id=\"style-css-av-2as9u0-fa22f1ab2dad1486ed351c5279ffa72c\">\n.flex_column.av-2as9u0-fa22f1ab2dad1486ed351c5279ffa72c{\nborder-radius:0px 0px 0px 0px;\npadding:0px 0px 0px 0px;\n}\n<\/style>\n<div  class='flex_column av-2as9u0-fa22f1ab2dad1486ed351c5279ffa72c av_one_half  avia-builder-el-1  el_before_av_one_half  avia-builder-el-first  first flex_column_div avia-full-contain  '     ><p>\n<style type=\"text\/css\" data-created_by=\"avia_inline_auto\" id=\"style-css-av-22b59k-4d1e7f08af15fae848423f3d8f48b323\">\n#top .av-special-heading.av-22b59k-4d1e7f08af15fae848423f3d8f48b323{\nmargin:0 0 -40px 0;\npadding-bottom:0;\ncolor:#d80e3a;\nfont-size:32px;\n}\nbody .av-special-heading.av-22b59k-4d1e7f08af15fae848423f3d8f48b323 .av-special-heading-tag .heading-char{\nfont-size:25px;\n}\n#top #wrap_all .av-special-heading.av-22b59k-4d1e7f08af15fae848423f3d8f48b323 .av-special-heading-tag{\nfont-size:32px;\n}\n.av-special-heading.av-22b59k-4d1e7f08af15fae848423f3d8f48b323 .special-heading-inner-border{\nborder-color:#d80e3a;\n}\n.av-special-heading.av-22b59k-4d1e7f08af15fae848423f3d8f48b323 .av-subheading{\nfont-size:32px;\n}\n\n@media only screen and (min-width: 480px) and (max-width: 767px){ \n#top #wrap_all .av-special-heading.av-22b59k-4d1e7f08af15fae848423f3d8f48b323 .av-special-heading-tag{\nfont-size:0.8em;\n}\n}\n\n@media only screen and (max-width: 479px){ \n#top #wrap_all .av-special-heading.av-22b59k-4d1e7f08af15fae848423f3d8f48b323 .av-special-heading-tag{\nfont-size:0.8em;\n}\n}\n<\/style>\n<div  class='av-special-heading av-22b59k-4d1e7f08af15fae848423f3d8f48b323 av-special-heading-h2 custom-color-heading blockquote modern-quote  avia-builder-el-2  el_before_av_heading  avia-builder-el-first  av-inherit-size av-linked-heading'><h2 class='av-special-heading-tag '  itemprop=\"headline\"  >CONSUMER HOTLINE<\/h2><div class=\"special-heading-border\"><div class=\"special-heading-inner-border\"><\/div><\/div><\/div><br \/>\n\n<style type=\"text\/css\" data-created_by=\"avia_inline_auto\" id=\"style-css-av-l58aob3i-f4fb19172d6a503047bb56e04935015f\">\n#top .av-special-heading.av-l58aob3i-f4fb19172d6a503047bb56e04935015f{\npadding-bottom:10px;\ncolor:#999999;\nfont-size:42px;\n}\nbody .av-special-heading.av-l58aob3i-f4fb19172d6a503047bb56e04935015f .av-special-heading-tag .heading-char{\nfont-size:25px;\n}\n#top #wrap_all .av-special-heading.av-l58aob3i-f4fb19172d6a503047bb56e04935015f .av-special-heading-tag{\nfont-size:42px;\n}\n.av-special-heading.av-l58aob3i-f4fb19172d6a503047bb56e04935015f .special-heading-inner-border{\nborder-color:#999999;\n}\n.av-special-heading.av-l58aob3i-f4fb19172d6a503047bb56e04935015f .av-subheading{\nfont-size:32px;\n}\n\n@media only screen and (min-width: 480px) and (max-width: 767px){ \n#top #wrap_all .av-special-heading.av-l58aob3i-f4fb19172d6a503047bb56e04935015f .av-special-heading-tag{\nfont-size:0.8em;\n}\n}\n\n@media only screen and (max-width: 479px){ \n#top #wrap_all .av-special-heading.av-l58aob3i-f4fb19172d6a503047bb56e04935015f .av-special-heading-tag{\nfont-size:0.8em;\n}\n}\n<\/style>\n<div  class='av-special-heading av-l58aob3i-f4fb19172d6a503047bb56e04935015f av-special-heading-h2 custom-color-heading blockquote modern-quote  avia-builder-el-3  el_after_av_heading  el_before_av_heading  av-inherit-size'><h2 class='av-special-heading-tag '  itemprop=\"headline\"  >93 729 94 57<\/h2><div class=\"special-heading-border\"><div class=\"special-heading-inner-border\"><\/div><\/div><\/div><br \/>\n\n<style type=\"text\/css\" data-created_by=\"avia_inline_auto\" id=\"style-css-av-1lw514-dc4cd1b3a9d46f64aae71515ffe7a732\">\n#top .av-special-heading.av-1lw514-dc4cd1b3a9d46f64aae71515ffe7a732{\npadding-bottom:10px;\ncolor:#d80e3a;\nfont-size:32px;\n}\nbody .av-special-heading.av-1lw514-dc4cd1b3a9d46f64aae71515ffe7a732 .av-special-heading-tag .heading-char{\nfont-size:25px;\n}\n#top #wrap_all .av-special-heading.av-1lw514-dc4cd1b3a9d46f64aae71515ffe7a732 .av-special-heading-tag{\nfont-size:32px;\n}\n.av-special-heading.av-1lw514-dc4cd1b3a9d46f64aae71515ffe7a732 .special-heading-inner-border{\nborder-color:#d80e3a;\n}\n.av-special-heading.av-1lw514-dc4cd1b3a9d46f64aae71515ffe7a732 .av-subheading{\nfont-size:15px;\n}\n\n@media only screen and (min-width: 480px) and (max-width: 767px){ \n#top #wrap_all .av-special-heading.av-1lw514-dc4cd1b3a9d46f64aae71515ffe7a732 .av-special-heading-tag{\nfont-size:0.8em;\n}\n}\n\n@media only screen and (max-width: 479px){ \n#top #wrap_all .av-special-heading.av-1lw514-dc4cd1b3a9d46f64aae71515ffe7a732 .av-special-heading-tag{\nfont-size:0.8em;\n}\n}\n<\/style>\n<div  class='av-special-heading av-1lw514-dc4cd1b3a9d46f64aae71515ffe7a732 av-special-heading-h2 custom-color-heading blockquote modern-quote  avia-builder-el-4  el_after_av_heading  el_before_av_image  av-inherit-size av-linked-heading'><h2 class='av-special-heading-tag '  itemprop=\"headline\"  >Location<\/h2><div class=\"special-heading-border\"><div class=\"special-heading-inner-border\"><\/div><\/div><\/div><br \/>\n\n<style type=\"text\/css\" data-created_by=\"avia_inline_auto\" id=\"style-css-av-l4ze8uf3-cd4ed8e252b0685c14d6298b57a3ac0a\">\n.avia-image-container.av-l4ze8uf3-cd4ed8e252b0685c14d6298b57a3ac0a img.avia_image{\nbox-shadow:none;\n}\n.avia-image-container.av-l4ze8uf3-cd4ed8e252b0685c14d6298b57a3ac0a .av-image-caption-overlay-center{\ncolor:#ffffff;\n}\n<\/style>\n<div  class='avia-image-container av-l4ze8uf3-cd4ed8e252b0685c14d6298b57a3ac0a av-styling- av-img-linked avia-align-center  avia-builder-el-5  el_after_av_heading  el_before_av_hr '   itemprop=\"image\" itemscope=\"itemscope\" itemtype=\"https:\/\/schema.org\/ImageObject\" ><div class=\"avia-image-container-inner\"><div class=\"avia-image-overlay-wrap\"><a href=\"https:\/\/goo.gl\/maps\/6bUzmnE7LQtZhuw66\" class='avia_image '  target=\"_blank\"  rel=\"noopener noreferrer\" aria-label='google-map-byly'><img decoding=\"async\" fetchpriority=\"high\" class='wp-image-1178 avia-img-lazy-loading-not-1178 avia_image ' src=\"https:\/\/www.byly.com\/wp-content\/uploads\/2022\/06\/google-map-byly.jpg\" alt='' title='google-map-byly'  height=\"360\" width=\"1080\"  itemprop=\"thumbnailUrl\" srcset=\"https:\/\/www.byly.com\/wp-content\/uploads\/2022\/06\/google-map-byly.jpg 1080w, https:\/\/www.byly.com\/wp-content\/uploads\/2022\/06\/google-map-byly-600x200.jpg 600w, https:\/\/www.byly.com\/wp-content\/uploads\/2022\/06\/google-map-byly-300x100.jpg 300w, https:\/\/www.byly.com\/wp-content\/uploads\/2022\/06\/google-map-byly-1030x343.jpg 1030w, https:\/\/www.byly.com\/wp-content\/uploads\/2022\/06\/google-map-byly-768x256.jpg 768w, https:\/\/www.byly.com\/wp-content\/uploads\/2022\/06\/google-map-byly-705x235.jpg 705w\" sizes=\"(max-width: 1080px) 100vw, 1080px\" \/><\/a><\/div><\/div><\/div><br \/>\n\n<style type=\"text\/css\" data-created_by=\"avia_inline_auto\" id=\"style-css-av-1giq2g-3b09aae67ced78f8c493cee2a9aa3b82\">\n#top .hr.hr-invisible.av-1giq2g-3b09aae67ced78f8c493cee2a9aa3b82{\nheight:20px;\n}\n<\/style>\n<div  class='hr av-1giq2g-3b09aae67ced78f8c493cee2a9aa3b82 hr-invisible  avia-builder-el-6  el_after_av_image  el_before_av_hr '><span class='hr-inner '><span class=\"hr-inner-style\"><\/span><\/span><\/div><br \/>\n\n<style type=\"text\/css\" data-created_by=\"avia_inline_auto\" id=\"style-css-av-umrk0-b77491dfbf8955ca1af87bc92a020720\">\n#top .hr.hr-invisible.av-umrk0-b77491dfbf8955ca1af87bc92a020720{\nheight:20px;\n}\n<\/style>\n<div  class='hr av-umrk0-b77491dfbf8955ca1af87bc92a020720 hr-invisible  avia-builder-el-7  el_after_av_hr  el_before_av_textblock '><span class='hr-inner '><span class=\"hr-inner-style\"><\/span><\/span><\/div><br \/>\n<section  class='av_textblock_section av-2vkvk-8ef4ae4d259440d60bd76e3e3d00a241 '   itemscope=\"itemscope\" itemtype=\"https:\/\/schema.org\/CreativeWork\" ><div class='avia_textblock'  itemprop=\"text\" ><p>LABORATORIOS BYLY S.A.<br \/>\nRonda de Santa Mar\u00eda, 200, 08210 Barber\u00e0 del Vall\u00e8s, Barcelona, Spain<br \/>\nPhone: (+34) 937 29 48 48<br \/>\nE-mail <span style=\"color: #d80e3a;\">info@byly.com<\/span><\/p>\n<\/div><\/section><\/p><\/div>\n<style type=\"text\/css\" data-created_by=\"avia_inline_auto\" id=\"style-css-av-j2go8-67a9a12e0c4bceabc095a84033b424ef\">\n.flex_column.av-j2go8-67a9a12e0c4bceabc095a84033b424ef{\nborder-radius:0px 0px 0px 0px;\npadding:0px 0px 0px 0px;\n}\n<\/style>\n<div  class='flex_column av-j2go8-67a9a12e0c4bceabc095a84033b424ef av_one_half  avia-builder-el-9  el_after_av_one_half  avia-builder-el-last  flex_column_div av-zero-column-padding avia-full-contain  '     ><p>\n<style type=\"text\/css\" data-created_by=\"avia_inline_auto\" id=\"style-css-av-fa59k-702ca0c6f86fe3df71daf1c472e6ec54\">\n#top .av-special-heading.av-fa59k-702ca0c6f86fe3df71daf1c472e6ec54{\npadding-bottom:10px;\ncolor:#d80e3a;\nfont-size:32px;\n}\nbody .av-special-heading.av-fa59k-702ca0c6f86fe3df71daf1c472e6ec54 .av-special-heading-tag .heading-char{\nfont-size:25px;\n}\n#top #wrap_all .av-special-heading.av-fa59k-702ca0c6f86fe3df71daf1c472e6ec54 .av-special-heading-tag{\nfont-size:32px;\n}\n.av-special-heading.av-fa59k-702ca0c6f86fe3df71daf1c472e6ec54 .special-heading-inner-border{\nborder-color:#d80e3a;\n}\n.av-special-heading.av-fa59k-702ca0c6f86fe3df71daf1c472e6ec54 .av-subheading{\nfont-size:15px;\n}\n\n@media only screen and (min-width: 480px) and (max-width: 767px){ \n#top #wrap_all .av-special-heading.av-fa59k-702ca0c6f86fe3df71daf1c472e6ec54 .av-special-heading-tag{\nfont-size:0.8em;\n}\n}\n\n@media only screen and (max-width: 479px){ \n#top #wrap_all .av-special-heading.av-fa59k-702ca0c6f86fe3df71daf1c472e6ec54 .av-special-heading-tag{\nfont-size:0.8em;\n}\n}\n<\/style>\n<div  class='av-special-heading av-fa59k-702ca0c6f86fe3df71daf1c472e6ec54 av-special-heading-h2 custom-color-heading blockquote modern-quote  avia-builder-el-10  el_before_av_contact  avia-builder-el-first  av-inherit-size av-linked-heading'><h2 class='av-special-heading-tag '  itemprop=\"headline\"  >CONTACT FORM<\/h2><div class=\"special-heading-border\"><div class=\"special-heading-inner-border\"><\/div><\/div><\/div><br \/>\n<form action=\"https:\/\/www.byly.com\/en\/contact\/\" method=\"post\" data-fields-with-error=\"Found errors in the following field(s):\" class=\"avia_ajax_form av-form-labels-visible   avia-builder-el-11  el_after_av_heading  avia-builder-el-last   \" data-avia-form-id=\"1\" data-avia-redirect='' ><fieldset><p class='  first_form  form_element form_fullwidth' id='element_avia_1_1'><label for=\"avia_1_1\">Name <abbr class=\"required\" title=\"required\">*<\/abbr><\/label> <input name=\"avia_1_1\" class=\"text_input is_empty\" type=\"text\" id=\"avia_1_1\" value=\"\" \/><\/p><p class='  first_form  form_element form_fullwidth' id='element_avia_2_1'><label for=\"avia_2_1\">E-mail <abbr class=\"required\" title=\"required\">*<\/abbr><\/label> <input name=\"avia_2_1\" class=\"text_input is_email\" type=\"text\" id=\"avia_2_1\" value=\"\" \/><\/p><p class='  first_form  form_element form_fullwidth' id='element_avia_3_1'><label for=\"avia_3_1\">Subject <abbr class=\"required\" title=\"required\">*<\/abbr><\/label> <input name=\"avia_3_1\" class=\"text_input is_empty\" type=\"text\" id=\"avia_3_1\" value=\"\" \/><\/p><p class='  first_form  form_element form_fullwidth' id='element_avia_4_1'><label for=\"avia_4_1\" class=\"textare_label hidden textare_label_avia_4_1\">Message <abbr class=\"required\" title=\"required\">*<\/abbr><\/label><textarea  name=\"avia_4_1\" class=\"text_area is_empty\" cols=\"40\" rows=\"7\" id=\"avia_4_1\" ><\/textarea><\/p><p class=\"hidden\"><input type=\"text\" name=\"avia_5_1\" class=\"hidden \" id=\"avia_5_1\" value=\"\" \/><\/p><p class='   form_element form_fullwidth' id='element_avia_6_1'><span class='value_verifier_label'>1 + 6 = ?<\/span><input name=\"avia_6_1_verifier\" type=\"hidden\" id=\"avia_6_1_verifier\" value=\"654533786\"\/><label for=\"avia_6_1\">Please prove that you are human by solving the equation <abbr class=\"required\" title=\"required\">*<\/abbr><\/label><input name=\"avia_6_1\" class=\"text_input captcha\" type=\"text\" id=\"avia_6_1\" value=\"\"\/><\/p><p class=\"form_element \"><input type=\"hidden\" value=\"1\" name=\"avia_generated_form1\" \/><input type=\"submit\" value=\"Send\" class=\"button\"  data-sending-label=\"Sending\"\/><\/p><\/fieldset><\/form><div id=\"ajaxresponse_1\" class=\"ajaxresponse ajaxresponse_1 hidden\"><\/div><\/p><\/div><\/div><\/div><\/main><!-- close content main element --><\/div><\/div><div id='after_section_1'  class='main_color av_default_container_wrap container_wrap sidebar_right'  ><div class='container av-section-cont-open' ><div class='template-page content  av-content-small alpha units'><div class='post-entry post-entry-type-page post-entry-1229'><div class='entry-content-wrapper clearfix'>\n","protected":false},"excerpt":{"rendered":"","protected":false},"author":3,"featured_media":0,"parent":0,"menu_order":0,"comment_status":"closed","ping_status":"closed","template":"","meta":{"footnotes":""},"class_list":["post-1229","page","type-page","status-publish","hentry"],"yoast_head":"<!-- This site is optimized with the Yoast SEO plugin v27.4 - https:\/\/yoast.com\/product\/yoast-seo-wordpress\/ -->\n<title>Laboratorios Byly | Consumer Hotline<\/title>\n<meta name=\"description\" content=\"Consumer Hotline and Contact Form. LABORATORIOS BYLY S.A. Phone: (+34) 937 29 48 48 . Barber\u00e0 del Vall\u00e8s, Barcelona\" \/>\n<meta name=\"robots\" content=\"index, follow, max-snippet:-1, max-image-preview:large, max-video-preview:-1\" \/>\n<link rel=\"canonical\" href=\"https:\/\/www.byly.com\/en\/contact\/\" \/>\n<meta property=\"og:locale\" content=\"en_US\" \/>\n<meta property=\"og:type\" content=\"article\" \/>\n<meta property=\"og:title\" content=\"Laboratorios Byly | Consumer Hotline\" \/>\n<meta property=\"og:description\" content=\"Consumer Hotline and Contact Form. LABORATORIOS BYLY S.A. Phone: (+34) 937 29 48 48 . Barber\u00e0 del Vall\u00e8s, Barcelona\" \/>\n<meta property=\"og:url\" content=\"https:\/\/www.byly.com\/en\/contact\/\" \/>\n<meta property=\"og:site_name\" content=\"Laboratorios Byly\" \/>\n<meta property=\"article:modified_time\" content=\"2022-09-07T14:16:01+00:00\" \/>\n<meta property=\"og:image\" content=\"https:\/\/www.byly.com\/wp-content\/uploads\/2023\/02\/imagen_web_byly.jpg\" \/>\n\t<meta property=\"og:image:width\" content=\"1200\" \/>\n\t<meta property=\"og:image:height\" content=\"675\" \/>\n\t<meta property=\"og:image:type\" content=\"image\/jpeg\" \/>\n<meta name=\"twitter:card\" content=\"summary_large_image\" \/>\n<meta name=\"twitter:label1\" content=\"Est. reading time\" \/>\n\t<meta name=\"twitter:data1\" content=\"3 minutes\" \/>\n<script type=\"application\/ld+json\" class=\"yoast-schema-graph\">{\"@context\":\"https:\\\/\\\/schema.org\",\"@graph\":[{\"@type\":\"WebPage\",\"@id\":\"https:\\\/\\\/www.byly.com\\\/en\\\/contact\\\/\",\"url\":\"https:\\\/\\\/www.byly.com\\\/en\\\/contact\\\/\",\"name\":\"Laboratorios Byly | Consumer Hotline\",\"isPartOf\":{\"@id\":\"https:\\\/\\\/www.byly.com\\\/en\\\/#website\"},\"datePublished\":\"2022-06-29T06:02:22+00:00\",\"dateModified\":\"2022-09-07T14:16:01+00:00\",\"description\":\"Consumer Hotline and Contact Form. LABORATORIOS BYLY S.A. Phone: (+34) 937 29 48 48 . Barber\u00e0 del Vall\u00e8s, Barcelona\",\"breadcrumb\":{\"@id\":\"https:\\\/\\\/www.byly.com\\\/en\\\/contact\\\/#breadcrumb\"},\"inLanguage\":\"en-US\",\"potentialAction\":[{\"@type\":\"ReadAction\",\"target\":[\"https:\\\/\\\/www.byly.com\\\/en\\\/contact\\\/\"]}]},{\"@type\":\"BreadcrumbList\",\"@id\":\"https:\\\/\\\/www.byly.com\\\/en\\\/contact\\\/#breadcrumb\",\"itemListElement\":[{\"@type\":\"ListItem\",\"position\":1,\"name\":\"Portada\",\"item\":\"https:\\\/\\\/www.byly.com\\\/en\\\/\"},{\"@type\":\"ListItem\",\"position\":2,\"name\":\"Contact\"}]},{\"@type\":\"WebSite\",\"@id\":\"https:\\\/\\\/www.byly.com\\\/en\\\/#website\",\"url\":\"https:\\\/\\\/www.byly.com\\\/en\\\/\",\"name\":\"Laboratorios Byly\",\"description\":\"Desodorantes m\u00e1s eficaces.\",\"publisher\":{\"@id\":\"https:\\\/\\\/www.byly.com\\\/en\\\/#organization\"},\"alternateName\":\"Byly\",\"potentialAction\":[{\"@type\":\"SearchAction\",\"target\":{\"@type\":\"EntryPoint\",\"urlTemplate\":\"https:\\\/\\\/www.byly.com\\\/en\\\/?s={search_term_string}\"},\"query-input\":{\"@type\":\"PropertyValueSpecification\",\"valueRequired\":true,\"valueName\":\"search_term_string\"}}],\"inLanguage\":\"en-US\"},{\"@type\":\"Organization\",\"@id\":\"https:\\\/\\\/www.byly.com\\\/en\\\/#organization\",\"name\":\"Laboratorios BYLY\",\"alternateName\":\"Byly\",\"url\":\"https:\\\/\\\/www.byly.com\\\/en\\\/\",\"logo\":{\"@type\":\"ImageObject\",\"inLanguage\":\"en-US\",\"@id\":\"https:\\\/\\\/www.byly.com\\\/en\\\/#\\\/schema\\\/logo\\\/image\\\/\",\"url\":\"https:\\\/\\\/www.byly.com\\\/wp-content\\\/uploads\\\/2022\\\/09\\\/logo-laboratorios-byly-bk.png\",\"contentUrl\":\"https:\\\/\\\/www.byly.com\\\/wp-content\\\/uploads\\\/2022\\\/09\\\/logo-laboratorios-byly-bk.png\",\"width\":340,\"height\":156,\"caption\":\"Laboratorios BYLY\"},\"image\":{\"@id\":\"https:\\\/\\\/www.byly.com\\\/en\\\/#\\\/schema\\\/logo\\\/image\\\/\"}}]}<\/script>\n<!-- \/ Yoast SEO plugin. -->","yoast_head_json":{"title":"Laboratorios Byly | Consumer Hotline","description":"Consumer Hotline and Contact Form. LABORATORIOS BYLY S.A. Phone: (+34) 937 29 48 48 . Barber\u00e0 del Vall\u00e8s, Barcelona","robots":{"index":"index","follow":"follow","max-snippet":"max-snippet:-1","max-image-preview":"max-image-preview:large","max-video-preview":"max-video-preview:-1"},"canonical":"https:\/\/www.byly.com\/en\/contact\/","og_locale":"en_US","og_type":"article","og_title":"Laboratorios Byly | Consumer Hotline","og_description":"Consumer Hotline and Contact Form. LABORATORIOS BYLY S.A. Phone: (+34) 937 29 48 48 . Barber\u00e0 del Vall\u00e8s, Barcelona","og_url":"https:\/\/www.byly.com\/en\/contact\/","og_site_name":"Laboratorios Byly","article_modified_time":"2022-09-07T14:16:01+00:00","og_image":[{"width":1200,"height":675,"url":"https:\/\/www.byly.com\/wp-content\/uploads\/2023\/02\/imagen_web_byly.jpg","type":"image\/jpeg"}],"twitter_card":"summary_large_image","twitter_misc":{"Est. reading time":"3 minutes"},"schema":{"@context":"https:\/\/schema.org","@graph":[{"@type":"WebPage","@id":"https:\/\/www.byly.com\/en\/contact\/","url":"https:\/\/www.byly.com\/en\/contact\/","name":"Laboratorios Byly | Consumer Hotline","isPartOf":{"@id":"https:\/\/www.byly.com\/en\/#website"},"datePublished":"2022-06-29T06:02:22+00:00","dateModified":"2022-09-07T14:16:01+00:00","description":"Consumer Hotline and Contact Form. LABORATORIOS BYLY S.A. Phone: (+34) 937 29 48 48 . Barber\u00e0 del Vall\u00e8s, Barcelona","breadcrumb":{"@id":"https:\/\/www.byly.com\/en\/contact\/#breadcrumb"},"inLanguage":"en-US","potentialAction":[{"@type":"ReadAction","target":["https:\/\/www.byly.com\/en\/contact\/"]}]},{"@type":"BreadcrumbList","@id":"https:\/\/www.byly.com\/en\/contact\/#breadcrumb","itemListElement":[{"@type":"ListItem","position":1,"name":"Portada","item":"https:\/\/www.byly.com\/en\/"},{"@type":"ListItem","position":2,"name":"Contact"}]},{"@type":"WebSite","@id":"https:\/\/www.byly.com\/en\/#website","url":"https:\/\/www.byly.com\/en\/","name":"Laboratorios Byly","description":"Desodorantes m\u00e1s eficaces.","publisher":{"@id":"https:\/\/www.byly.com\/en\/#organization"},"alternateName":"Byly","potentialAction":[{"@type":"SearchAction","target":{"@type":"EntryPoint","urlTemplate":"https:\/\/www.byly.com\/en\/?s={search_term_string}"},"query-input":{"@type":"PropertyValueSpecification","valueRequired":true,"valueName":"search_term_string"}}],"inLanguage":"en-US"},{"@type":"Organization","@id":"https:\/\/www.byly.com\/en\/#organization","name":"Laboratorios BYLY","alternateName":"Byly","url":"https:\/\/www.byly.com\/en\/","logo":{"@type":"ImageObject","inLanguage":"en-US","@id":"https:\/\/www.byly.com\/en\/#\/schema\/logo\/image\/","url":"https:\/\/www.byly.com\/wp-content\/uploads\/2022\/09\/logo-laboratorios-byly-bk.png","contentUrl":"https:\/\/www.byly.com\/wp-content\/uploads\/2022\/09\/logo-laboratorios-byly-bk.png","width":340,"height":156,"caption":"Laboratorios BYLY"},"image":{"@id":"https:\/\/www.byly.com\/en\/#\/schema\/logo\/image\/"}}]}},"_links":{"self":[{"href":"https:\/\/www.byly.com\/en\/wp-json\/wp\/v2\/pages\/1229","targetHints":{"allow":["GET"]}}],"collection":[{"href":"https:\/\/www.byly.com\/en\/wp-json\/wp\/v2\/pages"}],"about":[{"href":"https:\/\/www.byly.com\/en\/wp-json\/wp\/v2\/types\/page"}],"author":[{"embeddable":true,"href":"https:\/\/www.byly.com\/en\/wp-json\/wp\/v2\/users\/3"}],"replies":[{"embeddable":true,"href":"https:\/\/www.byly.com\/en\/wp-json\/wp\/v2\/comments?post=1229"}],"version-history":[{"count":5,"href":"https:\/\/www.byly.com\/en\/wp-json\/wp\/v2\/pages\/1229\/revisions"}],"predecessor-version":[{"id":1489,"href":"https:\/\/www.byly.com\/en\/wp-json\/wp\/v2\/pages\/1229\/revisions\/1489"}],"wp:attachment":[{"href":"https:\/\/www.byly.com\/en\/wp-json\/wp\/v2\/media?parent=1229"}],"curies":[{"name":"wp","href":"https:\/\/api.w.org\/{rel}","templated":true}]}}